{"id":2584,"date":"2025-06-23T17:40:27","date_gmt":"2025-06-23T17:40:27","guid":{"rendered":"https:\/\/informe-economico.com\/?page_id=2584"},"modified":"2026-04-22T17:31:28","modified_gmt":"2026-04-22T17:31:28","slug":"sobre-nosotros","status":"publish","type":"page","link":"https:\/\/informe-economico.com\/?page_id=2584","title":{"rendered":"Sobre Nosotros\u00a0"},"content":{"rendered":"\n<p><strong>Informe Econ\u00f3mico<\/strong> es una plataforma digital de noticias financieras enfocada en ofrecer cobertura oportuna, contenido centrado en los mercados y contenido editorial claro para lectores que desean mantenerse informados sobre negocios, finanzas, econom\u00eda y las fuerzas que dan forma a los mercados globales.<\/p>\n\n\n\n<p>Publicamos noticias, comentarios, an\u00e1lisis y cobertura tem\u00e1tica dise\u00f1ada para que los desarrollos financieros complejos sean m\u00e1s f\u00e1ciles de seguir, entender y contextualizar.<\/p>\n\n\n\n<h2 class=\"wp-block-heading\"><strong>Nuestra misi\u00f3n<\/strong><\/h2>\n\n\n\n<p>Nuestra misi\u00f3n es simple: hacer que las noticias financieras sean m\u00e1s accesibles, m\u00e1s claras y m\u00e1s \u00fatiles.<\/p>\n\n\n\n<p>En un entorno medi\u00e1tico saturado de ruido, especulaci\u00f3n y titulares reciclados, <strong>Informe Econ\u00f3mico<\/strong> busca ofrecer contenido directo, relevante y pensado para lectores que quieren una visi\u00f3n m\u00e1s clara de lo que est\u00e1 ocurriendo en las finanzas y por qu\u00e9 importa.<\/p>\n\n\n\n<p>Creemos que el periodismo financiero debe hacer m\u00e1s que informar cifras. Debe ayudar a los lectores a comprender tendencias, acontecimientos y narrativas del mercado de una forma pr\u00e1ctica, f\u00e1cil de digerir y que realmente valga su tiempo.<\/p>\n\n\n\n<h2 class=\"wp-block-heading\"><strong>Qu\u00e9 cubrimos<\/strong><\/h2>\n\n\n\n<p><strong>Informe Econ\u00f3mico<\/strong> cubre una amplia variedad de temas relacionados con finanzas y negocios, entre ellos:<\/p>\n\n\n\n<ul class=\"wp-block-list\">\n<li>mercados financieros;<\/li>\n\n\n\n<li>noticias de negocios;<\/li>\n\n\n\n<li>desarrollos econ\u00f3micos;<\/li>\n\n\n\n<li>actualizaciones empresariales;<\/li>\n\n\n\n<li>tendencias de la industria;<\/li>\n\n\n\n<li>temas de inversi\u00f3n;<\/li>\n\n\n\n<li>comentarios de mercado; y<\/li>\n\n\n\n<li>historias m\u00e1s amplias que influyen en las finanzas, la confianza empresarial y las perspectivas econ\u00f3micas.<\/li>\n<\/ul>\n\n\n\n<p>Nuestro objetivo es ofrecer un flujo constante de contenido que ayude a los lectores a mantenerse al d\u00eda con los desarrollos m\u00e1s importantes del panorama financiero.<\/p>\n\n\n\n<h2 class=\"wp-block-heading\"><strong>Nuestro enfoque editorial<\/strong><\/h2>\n\n\n\n<p>Nos enfocamos en producir contenido informativo, f\u00e1cil de leer y relevante para una audiencia digital moderna.<\/p>\n\n\n\n<p>Nuestro enfoque editorial se basa en:<\/p>\n\n\n\n<ul class=\"wp-block-list\">\n<li>claridad por encima del exceso de jerga;<\/li>\n\n\n\n<li>rapidez sin sacrificar la legibilidad;<\/li>\n\n\n\n<li>relevancia financiera amplia;<\/li>\n\n\n\n<li>an\u00e1lisis y comentarios accesibles; y<\/li>\n\n\n\n<li>una mentalidad de publicaci\u00f3n digital-first.<\/li>\n<\/ul>\n\n\n\n<p>Buscamos presentar la informaci\u00f3n de forma que ayude a los lectores a entender r\u00e1pidamente qu\u00e9 est\u00e1 ocurriendo y por qu\u00e9 puede importar dentro de un contexto financiero o econ\u00f3mico m\u00e1s amplio.<\/p>\n\n\n\n<h2 class=\"wp-block-heading\"><strong>Est\u00e1ndares editoriales<\/strong><\/h2>\n\n\n\n<p>En <strong>Informe Econ\u00f3mico<\/strong>, nos esforzamos por garantizar que nuestro contenido sea revisado y preparado con cuidado. Aun as\u00ed, las finanzas son un espacio que se mueve con rapidez y la informaci\u00f3n puede cambiar en poco tiempo. Por ello, nuestro contenido est\u00e1 destinado \u00fanicamente a fines informativos y editoriales generales, y no debe interpretarse como asesor\u00eda financiera o de inversi\u00f3n personalizada.<\/p>\n\n\n\n<p>Recomendamos a los lectores utilizar <strong>Informe Econ\u00f3mico<\/strong> como una fuente de informaci\u00f3n, contexto y cobertura editorial, mientras realizan su propia investigaci\u00f3n y buscan asesor\u00eda profesional cuando corresponda.<\/p>\n\n\n\n<h2 class=\"wp-block-heading\"><strong>Uso de IA en los flujos de trabajo editoriales<\/strong><\/h2>\n\n\n\n<p>Como parte de nuestro flujo de publicaci\u00f3n, <strong>Informe Econ\u00f3mico<\/strong> puede utilizar herramientas de inteligencia artificial \u00fanicamente como apoyo editorial.<\/p>\n\n\n\n<p>Esto puede incluir asistencia en la organizaci\u00f3n de investigaci\u00f3n, elaboraci\u00f3n de res\u00famenes, formato, refinamiento del lenguaje y apoyo en borradores. Estas herramientas se utilizan para respaldar procesos editoriales internos, no para ofrecer asesor\u00eda financiera individualizada ni recomendaciones personales.<\/p>\n\n\n\n<p>Todo el contenido se publica como parte de un proceso editorial liderado por personas.<\/p>\n\n\n\n<h2 class=\"wp-block-heading\"><strong>Dise\u00f1ado para el lector digital<\/strong><\/h2>\n\n\n\n<p><strong>Informe Econ\u00f3mico<\/strong> est\u00e1 dise\u00f1ado para lectores que quieren una cobertura financiera m\u00e1s f\u00e1cil de navegar y de consumir en l\u00ednea.<\/p>\n\n\n\n<p>Ya sea que alguien est\u00e9 siguiendo los mercados, observando desarrollos econ\u00f3micos m\u00e1s amplios o simplemente intentando mantenerse informado sobre los \u00faltimos titulares de negocios y finanzas, nuestro objetivo es ofrecer contenido estructurado, accesible y relevante.<\/p>\n\n\n\n<h2 class=\"wp-block-heading\"><strong>Contacto<\/strong><\/h2>\n\n\n\n<p>Si desea ponerse en contacto con <strong>Informe Econ\u00f3mico<\/strong>, por favor visite nuestra p\u00e1gina de <strong>Contacto<\/strong>.<\/p>\n\n\n\n<p><\/p>\n","protected":false},"excerpt":{"rendered":"<p>Informe Econ\u00f3mico es una plataforma digital de noticias financieras enfocada en ofrecer cobertura oportuna, contenido centrado en los mercados y contenido editorial claro para lectores que desean mantenerse informados sobre negocios, finanzas, econom\u00eda y las fuerzas que dan forma a los mercados globales. Publicamos noticias, comentarios, an\u00e1lisis y cobertura tem\u00e1tica dise\u00f1ada para que los desarrollos [&hellip;]<\/p>\n","protected":false},"author":10,"featured_media":0,"parent":0,"menu_order":0,"comment_status":"closed","ping_status":"closed","template":"","meta":{"footnotes":""},"class_list":["post-2584","page","type-page","status-publish"],"yoast_head":"<!-- This site is optimized with the Yoast SEO plugin v27.1.1 - https:\/\/yoast.com\/product\/yoast-seo-wordpress\/ -->\n<title>Sobre Nosotros\u00a0 | Informe Econ\u00f3mico<\/title>\n<meta name=\"robots\" content=\"index, follow, max-snippet:-1, max-image-preview:large, max-video-preview:-1\" \/>\n<link rel=\"canonical\" href=\"https:\/\/informe-economico.com\/?page_id=2584\" \/>\n<meta property=\"og:locale\" content=\"es_ES\" \/>\n<meta property=\"og:type\" content=\"article\" \/>\n<meta property=\"og:title\" content=\"Sobre Nosotros\u00a0 | Informe Econ\u00f3mico\" \/>\n<meta property=\"og:description\" content=\"Informe Econ\u00f3mico es una plataforma digital de noticias financieras enfocada en ofrecer cobertura oportuna, contenido centrado en los mercados y contenido editorial claro para lectores que desean mantenerse informados sobre negocios, finanzas, econom\u00eda y las fuerzas que dan forma a los mercados globales. Publicamos noticias, comentarios, an\u00e1lisis y cobertura tem\u00e1tica dise\u00f1ada para que los desarrollos [&hellip;]\" \/>\n<meta property=\"og:url\" content=\"https:\/\/informe-economico.com\/?page_id=2584\" \/>\n<meta property=\"og:site_name\" content=\"Informe Econ\u00f3mico\" \/>\n<meta property=\"article:modified_time\" content=\"2026-04-22T17:31:28+00:00\" \/>\n<meta name=\"twitter:card\" content=\"summary_large_image\" \/>\n<meta name=\"twitter:label1\" content=\"Tiempo de lectura\" \/>\n\t<meta name=\"twitter:data1\" content=\"3 minutos\" \/>\n<script type=\"application\/ld+json\" class=\"yoast-schema-graph\">{\"@context\":\"https:\/\/schema.org\",\"@graph\":[{\"@type\":\"WebPage\",\"@id\":\"https:\/\/informe-economico.com\/?page_id=2584\",\"url\":\"https:\/\/informe-economico.com\/?page_id=2584\",\"name\":\"Sobre Nosotros\u00a0 | Informe Econ\u00f3mico\",\"isPartOf\":{\"@id\":\"https:\/\/informe-economico.com\/#website\"},\"datePublished\":\"2025-06-23T17:40:27+00:00\",\"dateModified\":\"2026-04-22T17:31:28+00:00\",\"breadcrumb\":{\"@id\":\"https:\/\/informe-economico.com\/?page_id=2584#breadcrumb\"},\"inLanguage\":\"es\",\"potentialAction\":[{\"@type\":\"ReadAction\",\"target\":[\"https:\/\/informe-economico.com\/?page_id=2584\"]}]},{\"@type\":\"BreadcrumbList\",\"@id\":\"https:\/\/informe-economico.com\/?page_id=2584#breadcrumb\",\"itemListElement\":[{\"@type\":\"ListItem\",\"position\":1,\"name\":\"Inicio\",\"item\":\"https:\/\/informe-economico.com\/\"},{\"@type\":\"ListItem\",\"position\":2,\"name\":\"Sobre Nosotros\u00a0\"}]},{\"@type\":\"WebSite\",\"@id\":\"https:\/\/informe-economico.com\/#website\",\"url\":\"https:\/\/informe-economico.com\/\",\"name\":\"Informe Econ\u00f3mico\",\"description\":\"\",\"publisher\":{\"@id\":\"https:\/\/informe-economico.com\/#organization\"},\"potentialAction\":[{\"@type\":\"SearchAction\",\"target\":{\"@type\":\"EntryPoint\",\"urlTemplate\":\"https:\/\/informe-economico.com\/?s={search_term_string}\"},\"query-input\":{\"@type\":\"PropertyValueSpecification\",\"valueRequired\":true,\"valueName\":\"search_term_string\"}}],\"inLanguage\":\"es\"},{\"@type\":\"Organization\",\"@id\":\"https:\/\/informe-economico.com\/#organization\",\"name\":\"Informe Econ\u00f3mico\",\"url\":\"https:\/\/informe-economico.com\/\",\"logo\":{\"@type\":\"ImageObject\",\"inLanguage\":\"es\",\"@id\":\"https:\/\/informe-economico.com\/#\/schema\/logo\/image\/\",\"url\":\"https:\/\/informe-economico.com\/wp-content\/uploads\/2026\/04\/Informe-Economico-Logo.png\",\"contentUrl\":\"https:\/\/informe-economico.com\/wp-content\/uploads\/2026\/04\/Informe-Economico-Logo.png\",\"width\":800,\"height\":153,\"caption\":\"Informe Econ\u00f3mico\"},\"image\":{\"@id\":\"https:\/\/informe-economico.com\/#\/schema\/logo\/image\/\"}}]}<\/script>\n<!-- \/ Yoast SEO plugin. -->","yoast_head_json":{"title":"Sobre Nosotros\u00a0 | Informe Econ\u00f3mico","robots":{"index":"index","follow":"follow","max-snippet":"max-snippet:-1","max-image-preview":"max-image-preview:large","max-video-preview":"max-video-preview:-1"},"canonical":"https:\/\/informe-economico.com\/?page_id=2584","og_locale":"es_ES","og_type":"article","og_title":"Sobre Nosotros\u00a0 | Informe Econ\u00f3mico","og_description":"Informe Econ\u00f3mico es una plataforma digital de noticias financieras enfocada en ofrecer cobertura oportuna, contenido centrado en los mercados y contenido editorial claro para lectores que desean mantenerse informados sobre negocios, finanzas, econom\u00eda y las fuerzas que dan forma a los mercados globales. Publicamos noticias, comentarios, an\u00e1lisis y cobertura tem\u00e1tica dise\u00f1ada para que los desarrollos [&hellip;]","og_url":"https:\/\/informe-economico.com\/?page_id=2584","og_site_name":"Informe Econ\u00f3mico","article_modified_time":"2026-04-22T17:31:28+00:00","twitter_card":"summary_large_image","twitter_misc":{"Tiempo de lectura":"3 minutos"},"schema":{"@context":"https:\/\/schema.org","@graph":[{"@type":"WebPage","@id":"https:\/\/informe-economico.com\/?page_id=2584","url":"https:\/\/informe-economico.com\/?page_id=2584","name":"Sobre Nosotros\u00a0 | Informe Econ\u00f3mico","isPartOf":{"@id":"https:\/\/informe-economico.com\/#website"},"datePublished":"2025-06-23T17:40:27+00:00","dateModified":"2026-04-22T17:31:28+00:00","breadcrumb":{"@id":"https:\/\/informe-economico.com\/?page_id=2584#breadcrumb"},"inLanguage":"es","potentialAction":[{"@type":"ReadAction","target":["https:\/\/informe-economico.com\/?page_id=2584"]}]},{"@type":"BreadcrumbList","@id":"https:\/\/informe-economico.com\/?page_id=2584#breadcrumb","itemListElement":[{"@type":"ListItem","position":1,"name":"Inicio","item":"https:\/\/informe-economico.com\/"},{"@type":"ListItem","position":2,"name":"Sobre Nosotros\u00a0"}]},{"@type":"WebSite","@id":"https:\/\/informe-economico.com\/#website","url":"https:\/\/informe-economico.com\/","name":"Informe Econ\u00f3mico","description":"","publisher":{"@id":"https:\/\/informe-economico.com\/#organization"},"potentialAction":[{"@type":"SearchAction","target":{"@type":"EntryPoint","urlTemplate":"https:\/\/informe-economico.com\/?s={search_term_string}"},"query-input":{"@type":"PropertyValueSpecification","valueRequired":true,"valueName":"search_term_string"}}],"inLanguage":"es"},{"@type":"Organization","@id":"https:\/\/informe-economico.com\/#organization","name":"Informe Econ\u00f3mico","url":"https:\/\/informe-economico.com\/","logo":{"@type":"ImageObject","inLanguage":"es","@id":"https:\/\/informe-economico.com\/#\/schema\/logo\/image\/","url":"https:\/\/informe-economico.com\/wp-content\/uploads\/2026\/04\/Informe-Economico-Logo.png","contentUrl":"https:\/\/informe-economico.com\/wp-content\/uploads\/2026\/04\/Informe-Economico-Logo.png","width":800,"height":153,"caption":"Informe Econ\u00f3mico"},"image":{"@id":"https:\/\/informe-economico.com\/#\/schema\/logo\/image\/"}}]}},"_links":{"self":[{"href":"https:\/\/informe-economico.com\/index.php?rest_route=\/wp\/v2\/pages\/2584","targetHints":{"allow":["GET"]}}],"collection":[{"href":"https:\/\/informe-economico.com\/index.php?rest_route=\/wp\/v2\/pages"}],"about":[{"href":"https:\/\/informe-economico.com\/index.php?rest_route=\/wp\/v2\/types\/page"}],"author":[{"embeddable":true,"href":"https:\/\/informe-economico.com\/index.php?rest_route=\/wp\/v2\/users\/10"}],"replies":[{"embeddable":true,"href":"https:\/\/informe-economico.com\/index.php?rest_route=%2Fwp%2Fv2%2Fcomments&post=2584"}],"version-history":[{"count":2,"href":"https:\/\/informe-economico.com\/index.php?rest_route=\/wp\/v2\/pages\/2584\/revisions"}],"predecessor-version":[{"id":4332,"href":"https:\/\/informe-economico.com\/index.php?rest_route=\/wp\/v2\/pages\/2584\/revisions\/4332"}],"wp:attachment":[{"href":"https:\/\/informe-economico.com\/index.php?rest_route=%2Fwp%2Fv2%2Fmedia&parent=2584"}],"curies":[{"name":"wp","href":"https:\/\/api.w.org\/{rel}","templated":true}]}}